{"id":6,"date":"2020-04-22T08:54:59","date_gmt":"2020-04-22T08:54:59","guid":{"rendered":"http:\/\/vsc.pt\/?page_id=6"},"modified":"2020-04-28T15:53:26","modified_gmt":"2020-04-28T15:53:26","slug":"inicial","status":"publish","type":"page","link":"https:\/\/vsc.pt\/","title":{"rendered":"Inicial"},"content":{"rendered":"<div class=\"nicepage-container\"><div class=\"\" style=\"\" >        <script>\n            (function ($) {\n                var ResponsiveCms = window.ResponsiveCms;\n                if (!ResponsiveCms) {\n                    return;\n                }\n                ResponsiveCms.contentDom = $('script:last').parent();\n                ResponsiveCms.prevMode = \"LG\";\n\n                if (typeof ResponsiveCms.recalcClasses === 'function') {\n                    ResponsiveCms.recalcClasses();\n                }\n            })(jQuery);\n        <\/script>\n        \n    \n    <section class=\"u-clearfix u-image u-shading u-section-2\" id=\"sec-78ad\" data-image-width=\"1280\" data-image-height=\"433\">\n      <div class=\"u-clearfix u-sheet u-valign-middle u-sheet-1\">\n        <div class=\"u-clearfix u-expanded-width u-layout-wrap u-layout-wrap-1\">\n          <div class=\"u-layout\">\n            <div class=\"u-layout-row\">\n              <div class=\"u-container-style u-layout-cell u-left-cell u-size-30 u-layout-cell-1\">\n                <div class=\"u-container-layout u-container-layout-1\">\n                  <img src=\"https:\/\/vsc.pt\/wp-content\/uploads\/2020\/04\/VSC_Vuforia-Chalk-Email-650x200.jpg\" alt=\"\" class=\"u-image u-image-default u-image-1\" data-image-width=\"650\" data-image-height=\"200\" data-href=\"https:\/\/vsc.pt\/?page_id=65\" title=\"Pedido Vuforia Chalk\">\n                <\/div>\n              <\/div>\n              <div class=\"u-container-style u-layout-cell u-right-cell u-size-30 u-layout-cell-2\">\n                <div class=\"u-container-layout u-valign-middle u-container-layout-2\">\n                  <h6 class=\"u-text u-text-1\">Em parceria com a PTC, durante o per\u00edodo de pandemia, disponibilizamos acesso \u00e0 plataforma Vuforia Chalk, um sistema de assist\u00eancia remota auxiliada por realidade aumentada. Fa\u00e7a como centenas de empresas em Portugal e no mundo e tenha acesso \u00e0 mais avan\u00e7ada forma de prestar apoio remotamente, desenvolvida especificamente para as necessidades industriais. <a href=\"http:\/\/players.brightcove.net\/1532789042001\/HknUe20R_default\/index.html?videoId=5793881449001\" target=\"_blank\"><u>Veja o v\u00eddeo<\/u>\n                    <\/a>.\n                  <\/h6>\n                <\/div>\n              <\/div>\n            <\/div>\n          <\/div>\n        <\/div>\n      <\/div>\n    <\/section>\n    <section class=\"u-align-center u-clearfix u-image u-section-3\" id=\"sec-93c1\" data-image-width=\"1920\" data-image-height=\"500\">\n      <div class=\"u-clearfix u-sheet u-sheet-1\">\n        <h1 class=\"u-text u-text-body-alt-color u-text-1\">Creo 7.0 - A forma de projectar do futuro<\/h1>\n        <h3 class=\"u-text u-text-body-alt-color u-text-default u-text-2\">Imagine, crie, desenhe e inove melhor com Creo, a solu\u00e7\u00e3o de Engenharia mais avan\u00e7ada para desenho e desenvolvimento de produto<\/h3>\n        <a href=\"https:\/\/vsc.pt\/?page_id=34\" class=\"u-border-2 u-border-white u-btn u-btn-rectangle u-button-style u-none u-btn-1\">Solu\u00e7\u00f5es<\/a>\n      <\/div>\n    <\/section>\n    <section class=\"u-align-center u-clearfix u-image u-section-4\" id=\"sec-a2e3\" data-image-width=\"1600\" data-image-height=\"821\">\n      <div class=\"u-clearfix u-sheet u-sheet-1\">\n        <a href=\"http:\/\/espritcam.pt\" class=\"u-btn u-button-style u-grey-10 u-btn-1\" target=\"_blank\">Veja aqui a nossa solu\u00e7\u00e3o de CAM para m\u00e1quinas CNC<\/a>\n      <\/div>\n    <\/section>\n    \n    \n    \n  \n<\/div><\/div>","protected":false},"excerpt":{"rendered":"<p>Em parceria com a PTC, durante o per\u00edodo de pandemia, disponibilizamos acesso \u00e0 plataforma Vuforia Chalk, um sistema de assist\u00eancia remota auxiliada por realidade aumentada. Fa\u00e7a como centenas de empresas em Portugal e no mundo e tenha acesso \u00e0 mais avan\u00e7ada forma de prestar apoio remotamente, desenvolvida especificamente para as necessidades industriais. Veja o v\u00eddeo &hellip; <a href=\"https:\/\/vsc.pt\/\" class=\"more-link\">Continue reading<span class=\"screen-reader-text\"> &#8220;Inicial&#8221;<\/span><\/a><\/p>\n","protected":false},"author":1,"featured_media":0,"parent":0,"menu_order":1,"comment_status":"closed","ping_status":"closed","template":"","meta":[],"_links":{"self":[{"href":"https:\/\/vsc.pt\/index.php?rest_route=\/wp\/v2\/pages\/6"}],"collection":[{"href":"https:\/\/vsc.pt\/index.php?rest_route=\/wp\/v2\/pages"}],"about":[{"href":"https:\/\/vsc.pt\/index.php?rest_route=\/wp\/v2\/types\/page"}],"author":[{"embeddable":true,"href":"https:\/\/vsc.pt\/index.php?rest_route=\/wp\/v2\/users\/1"}],"replies":[{"embeddable":true,"href":"https:\/\/vsc.pt\/index.php?rest_route=%2Fwp%2Fv2%2Fcomments&post=6"}],"version-history":[{"count":17,"href":"https:\/\/vsc.pt\/index.php?rest_route=\/wp\/v2\/pages\/6\/revisions"}],"predecessor-version":[{"id":82,"href":"https:\/\/vsc.pt\/index.php?rest_route=\/wp\/v2\/pages\/6\/revisions\/82"}],"wp:attachment":[{"href":"https:\/\/vsc.pt\/index.php?rest_route=%2Fwp%2Fv2%2Fmedia&parent=6"}],"curies":[{"name":"wp","href":"https:\/\/api.w.org\/{rel}","templated":true}]}}