{"id":47,"date":"2020-04-22T10:10:19","date_gmt":"2020-04-22T10:10:19","guid":{"rendered":"http:\/\/vsc.pt\/?page_id=47"},"modified":"2020-04-22T10:14:50","modified_gmt":"2020-04-22T10:14:50","slug":"contactos","status":"publish","type":"page","link":"https:\/\/vsc.pt\/?page_id=47","title":{"rendered":"Contactos"},"content":{"rendered":"<div class=\"nicepage-container\"><div class=\"\" style=\"\" >        <script>\n            (function ($) {\n                var ResponsiveCms = window.ResponsiveCms;\n                if (!ResponsiveCms) {\n                    return;\n                }\n                ResponsiveCms.contentDom = $('script:last').parent();\n                ResponsiveCms.prevMode = \"LG\";\n\n                if (typeof ResponsiveCms.recalcClasses === 'function') {\n                    ResponsiveCms.recalcClasses();\n                }\n            })(jQuery);\n        <\/script>\n        \n    \n    <section class=\"u-clearfix u-section-2\" id=\"sec-1c67\">\n      <div class=\"u-clearfix u-sheet u-sheet-1\">\n        <div class=\"u-clearfix u-expanded-width u-layout-wrap u-layout-wrap-1\">\n          <div class=\"u-layout\">\n            <div class=\"u-layout-row\">\n              <div class=\"u-container-style u-layout-cell u-left-cell u-size-20 u-layout-cell-1\">\n                <div class=\"u-container-layout u-container-layout-1\">\n                  <h2 class=\"u-align-center u-res-move-started u-text u-text-default u-text-1\">Informa\u00e7\u00e3o Comercial<\/h2>\n                  <h3 class=\"u-align-center u-res-move-started u-text u-text-default u-text-2\">Jo\u00e3o Paulo Sim\u00f5es<\/h3>\n                  <h4 class=\"u-align-left u-res-move-started u-text u-text-default u-text-3\">\n                    <a href=\"mailto:jp.simoes@vsc,pt\">jp.simoes@vsc.pt<\/a>\n                    <br>93 924 8221\n                  <\/h4>\n                <\/div>\n              <\/div>\n              <div class=\"u-container-style u-layout-cell u-size-20 u-layout-cell-2\">\n                <div class=\"u-container-layout u-container-layout-2\">\n                  <h2 class=\"u-align-center u-res-move-started u-text u-text-4\">Informa\u00e7\u00e3o T\u00e9cnica<\/h2>\n                  <h3 class=\"u-align-center u-text u-text-default u-text-5\">Rui Vaz<\/h3>\n                  <h4 class=\"u-align-left u-res-move-started u-text u-text-default u-text-6\">\n                    <a href=\"mailto:ruivaz@vsc.pt\">ruivaz@vsc.pt<\/a>\n                    <br>93 450 5739\n                  <\/h4>\n                <\/div>\n              <\/div>\n              <div class=\"u-align-center u-container-style u-layout-cell u-right-cell u-size-20 u-layout-cell-3\">\n                <div class=\"u-container-layout u-valign-top u-container-layout-3\">\n                  <h2 class=\"u-text u-text-7\">Informa\u00e7\u00e3o T\u00e9cnica<\/h2>\n                  <h4 class=\"u-text u-text-default u-text-8\">\n                    <a href=\"mailto:suporte@vsc.pt\">suporte@vsc.pt<\/a>\n                  <\/h4>\n                <\/div>\n              <\/div>\n            <\/div>\n          <\/div>\n        <\/div>\n      <\/div>\n    <\/section>\n    \n    \n    \n  \n<\/div><\/div>","protected":false},"excerpt":{"rendered":"<p>Informa\u00e7\u00e3o Comercial Jo\u00e3o Paulo Sim\u00f5es jp.simoes@vsc.pt 93 924 8221 Informa\u00e7\u00e3o T\u00e9cnica Rui Vaz ruivaz@vsc.pt 93 450 5739 Informa\u00e7\u00e3o T\u00e9cnica suporte@vsc.pt<\/p>\n","protected":false},"author":1,"featured_media":0,"parent":0,"menu_order":0,"comment_status":"closed","ping_status":"closed","template":"","meta":[],"_links":{"self":[{"href":"https:\/\/vsc.pt\/index.php?rest_route=\/wp\/v2\/pages\/47"}],"collection":[{"href":"https:\/\/vsc.pt\/index.php?rest_route=\/wp\/v2\/pages"}],"about":[{"href":"https:\/\/vsc.pt\/index.php?rest_route=\/wp\/v2\/types\/page"}],"author":[{"embeddable":true,"href":"https:\/\/vsc.pt\/index.php?rest_route=\/wp\/v2\/users\/1"}],"replies":[{"embeddable":true,"href":"https:\/\/vsc.pt\/index.php?rest_route=%2Fwp%2Fv2%2Fcomments&post=47"}],"version-history":[{"count":7,"href":"https:\/\/vsc.pt\/index.php?rest_route=\/wp\/v2\/pages\/47\/revisions"}],"predecessor-version":[{"id":54,"href":"https:\/\/vsc.pt\/index.php?rest_route=\/wp\/v2\/pages\/47\/revisions\/54"}],"wp:attachment":[{"href":"https:\/\/vsc.pt\/index.php?rest_route=%2Fwp%2Fv2%2Fmedia&parent=47"}],"curies":[{"name":"wp","href":"https:\/\/api.w.org\/{rel}","templated":true}]}}