{"id":34,"date":"2020-04-22T09:47:48","date_gmt":"2020-04-22T09:47:48","guid":{"rendered":"http:\/\/vsc.pt\/?page_id=34"},"modified":"2020-04-22T10:06:47","modified_gmt":"2020-04-22T10:06:47","slug":"solucoes","status":"publish","type":"page","link":"https:\/\/vsc.pt\/?page_id=34","title":{"rendered":"Solu\u00e7\u00f5es"},"content":{"rendered":"<div class=\"nicepage-container\"><div class=\"\" style=\"\" >        <script>\n            (function ($) {\n                var ResponsiveCms = window.ResponsiveCms;\n                if (!ResponsiveCms) {\n                    return;\n                }\n                ResponsiveCms.contentDom = $('script:last').parent();\n                ResponsiveCms.prevMode = \"LG\";\n\n                if (typeof ResponsiveCms.recalcClasses === 'function') {\n                    ResponsiveCms.recalcClasses();\n                }\n            })(jQuery);\n        <\/script>\n        \n    \n    <section class=\"u-clearfix u-section-2\" id=\"sec-5700\">\n      <div class=\"u-clearfix u-sheet u-sheet-1\">\n        <div class=\"u-clearfix u-expanded-width u-layout-wrap u-layout-wrap-1\">\n          <div class=\"u-layout\">\n            <div class=\"u-layout-row\">\n              <div class=\"u-container-style u-layout-cell u-left-cell u-size-25 u-layout-cell-1\">\n                <div class=\"u-container-layout u-valign-middle u-container-layout-1\">\n                  <img src=\"https:\/\/vsc.pt\/wp-content\/uploads\/2020\/04\/Card1.png\" alt=\"\" class=\"u-expanded-width u-image u-image-default u-image-1\" data-image-width=\"300\" data-image-height=\"200\">\n                <\/div>\n              <\/div>\n              <div class=\"u-align-left u-container-style u-layout-cell u-right-cell u-size-35 u-layout-cell-2\">\n                <div class=\"u-container-layout u-container-layout-2\">\n                  <h4 class=\"u-text u-text-default u-text-1\">CAD: Um moderno sistema de CAD, hoje, tem de ir muito al\u00e9m de simples modela\u00e7\u00e3o 3D. O sistema inicial de \"estidador electr\u00f3nico\" que passou a modelador 3D j\u00e1 n\u00e3o serve.<br>\n                    <br>Creo \u00e9 mais que modela\u00e7\u00e3o: an\u00e1lise, gest\u00e3o de projecto, instru\u00e7\u00f5es de montagem e manuten\u00e7\u00e3o, Realidade Aumentada...os dados produzidos e, Creo podem chegar a todas as \u00e1reas da empresa e dos clientes.\n                  <\/h4>\n                  <a href=\"http:\/\/players.brightcove.net\/1532789042001\/HknUe20R_default\/index.html?videoId=6149111493001\" class=\"u-border-2 u-border-grey-dark-1 u-btn u-btn-rectangle u-button-style u-none u-btn-1\" target=\"_blank\">Veja as novidades de Creo7<\/a>\n                <\/div>\n              <\/div>\n            <\/div>\n          <\/div>\n        <\/div>\n      <\/div>\n    <\/section>\n    <section class=\"u-clearfix u-section-3\" id=\"sec-fb9f\">\n      <div class=\"u-clearfix u-sheet u-valign-middle u-sheet-1\">\n        <div class=\"u-clearfix u-expanded-width u-layout-wrap u-layout-wrap-1\">\n          <div class=\"u-layout\">\n            <div class=\"u-layout-row\">\n              <div class=\"u-container-style u-layout-cell u-left-cell u-size-36 u-layout-cell-1\">\n                <div class=\"u-container-layout u-valign-middle u-container-layout-1\">\n                  <h4 class=\"u-text u-text-default u-text-1\">A an\u00e1lise \u00e9 determinante para o sucesso do projecto. Com Creo, ter\u00e1 uma solu\u00e7\u00e3o para projectistas e analistas.<br>\n                    <br>Simula\u00e7\u00e3o em directo, enquanto se projecta e altera, bem como solu\u00e7\u00f5es completas de verifica\u00e7\u00e3o final, agora com an\u00e1lises CFD, al\u00e9m da estrutural, t\u00e9rmica e modal.\n                  <\/h4>\n                <\/div>\n              <\/div>\n              <div class=\"u-container-style u-layout-cell u-right-cell u-size-24 u-layout-cell-2\">\n                <div class=\"u-container-layout u-valign-middle u-container-layout-2\">\n                  <img src=\"https:\/\/vsc.pt\/wp-content\/uploads\/2020\/04\/real_time_simulation_300x200_2.png\" alt=\"\" class=\"u-image u-image-default u-image-1\" data-image-width=\"300\" data-image-height=\"200\">\n                <\/div>\n              <\/div>\n            <\/div>\n          <\/div>\n        <\/div>\n      <\/div>\n    <\/section>\n    <section class=\"u-clearfix u-section-4\" id=\"sec-0f5e\">\n      <div class=\"u-clearfix u-sheet u-sheet-1\">\n        <div class=\"u-clearfix u-layout-wrap u-layout-wrap-1\">\n          <div class=\"u-layout\">\n            <div class=\"u-layout-row\">\n              <div class=\"u-container-style u-layout-cell u-left-cell u-size-24 u-layout-cell-1\">\n                <div class=\"u-container-layout u-valign-middle u-container-layout-1\">\n                  <img src=\"https:\/\/vsc.pt\/wp-content\/uploads\/2020\/04\/datasheet-creo-ar-design-share-thumbnail.png\" alt=\"\" class=\"u-expanded-width u-image u-image-default u-image-1\" data-image-width=\"360\" data-image-height=\"240\">\n                <\/div>\n              <\/div>\n              <div class=\"u-container-style u-layout-cell u-right-cell u-size-36 u-layout-cell-2\">\n                <div class=\"u-container-layout u-valign-middle u-container-layout-2\">\n                  <h4 class=\"u-text u-text-default u-text-1\">A realidade aumentada ser\u00e1 cada vez mais um componente das nossas vidas.<br>\n                    <br>Creo est\u00e1 na lideran\u00e7a dessa viagem, com solu\u00e7\u00f5es para instru\u00e7\u00f5es virtuais, exibi\u00e7\u00f5es de produto, e trabalho de equipa que permitir\u00e3o que todos possam contribuir e usufruir de uma maneira integrada.\n                  <\/h4>\n                <\/div>\n              <\/div>\n            <\/div>\n          <\/div>\n        <\/div>\n      <\/div>\n    <\/section>\n    \n    \n    \n  \n<\/div><\/div>","protected":false},"excerpt":{"rendered":"<p>CAD: Um moderno sistema de CAD, hoje, tem de ir muito al\u00e9m de simples modela\u00e7\u00e3o 3D. O sistema inicial de &#8220;estidador electr\u00f3nico&#8221; que passou a modelador 3D j\u00e1 n\u00e3o serve. Creo \u00e9 mais que modela\u00e7\u00e3o: an\u00e1lise, gest\u00e3o de projecto, instru\u00e7\u00f5es de montagem e manuten\u00e7\u00e3o, Realidade Aumentada&#8230;os dados produzidos e, Creo podem chegar a todas as &hellip; <a href=\"https:\/\/vsc.pt\/?page_id=34\" class=\"more-link\">Continue reading<span class=\"screen-reader-text\"> &#8220;Solu\u00e7\u00f5es&#8221;<\/span><\/a><\/p>\n","protected":false},"author":1,"featured_media":0,"parent":0,"menu_order":0,"comment_status":"closed","ping_status":"closed","template":"","meta":[],"_links":{"self":[{"href":"https:\/\/vsc.pt\/index.php?rest_route=\/wp\/v2\/pages\/34"}],"collection":[{"href":"https:\/\/vsc.pt\/index.php?rest_route=\/wp\/v2\/pages"}],"about":[{"href":"https:\/\/vsc.pt\/index.php?rest_route=\/wp\/v2\/types\/page"}],"author":[{"embeddable":true,"href":"https:\/\/vsc.pt\/index.php?rest_route=\/wp\/v2\/users\/1"}],"replies":[{"embeddable":true,"href":"https:\/\/vsc.pt\/index.php?rest_route=%2Fwp%2Fv2%2Fcomments&post=34"}],"version-history":[{"count":9,"href":"https:\/\/vsc.pt\/index.php?rest_route=\/wp\/v2\/pages\/34\/revisions"}],"predecessor-version":[{"id":43,"href":"https:\/\/vsc.pt\/index.php?rest_route=\/wp\/v2\/pages\/34\/revisions\/43"}],"wp:attachment":[{"href":"https:\/\/vsc.pt\/index.php?rest_route=%2Fwp%2Fv2%2Fmedia&parent=34"}],"curies":[{"name":"wp","href":"https:\/\/api.w.org\/{rel}","templated":true}]}}